{"id":33,"date":"2025-11-25T16:45:44","date_gmt":"2025-11-25T16:45:44","guid":{"rendered":"https:\/\/darkred-gull-726597.hostingersite.com\/home\/"},"modified":"2026-01-24T18:33:34","modified_gmt":"2026-01-24T18:33:34","slug":"home","status":"publish","type":"page","link":"https:\/\/nexestil.com\/es\/","title":{"rendered":"Inicio"},"content":{"rendered":"<div class=\"wp-block-group alignfull hostinger-ai-hero-1 hostinger-ai-fade-up has-color-1-background-color has-background has-global-padding is-layout-constrained wp-block-group-is-layout-constrained\" data-aos=\"fade-up\">\n<div class=\"wp-block-group alignwide hostinger-ai-fade-up is-layout-grid wp-container-core-group-is-layout-b2a6df44 wp-block-group-is-layout-grid\" data-aos=\"fade-up\" style=\"padding-top:var(--wp--preset--spacing--60);padding-bottom:var(--wp--preset--spacing--60)\">\n<div class=\"wp-block-group hostinger-ai-fade-up wp-container-content-5e2576f9 is-vertical is-content-justification-left is-nowrap is-layout-flex wp-container-core-group-is-layout-e445e5de wp-block-group-is-layout-flex\" data-aos=\"fade-up\">\n<h1 class=\"wp-block-heading hostinger-ai-title has-dark-color has-text-color has-link-color has-xx-large-font-size wp-elements-10e7026df757ae05265b563ae3fa7408\" style=\"margin-top:0;margin-right:0;margin-bottom:0;margin-left:0\">NEXESTIL<\/h1>\n\n\n\n<p class=\"hostinger-ai-description has-dark-color has-text-color has-link-color has-medium-font-size wp-elements-c4c2660efb4ceaeb6625c340cf309bc4\" style=\"margin-top:0;margin-bottom:var(--wp--preset--spacing--50)\">Distribuci\u00f3n profesional en peluquer\u00eda, barber\u00eda y est\u00e9tica<\/p>\n\n\n\n<div class=\"wp-block-buttons is-layout-flex wp-block-buttons-is-layout-flex\">\n<div class=\"wp-block-button hostinger-ai-cta-button hostinger-index-0 is-style-fill\"><a class=\"wp-block-button__link has-dark-color has-text-color has-link-color has-border-color has-color-2-border-color has-medium-font-size has-custom-font-size wp-element-button\" href=\"https:\/\/nexestil.com\/es\/catalegs\/\" style=\"border-width:1px;border-radius:50px;padding-top:var(--wp--preset--spacing--30);padding-right:var(--wp--preset--spacing--70);padding-bottom:var(--wp--preset--spacing--30);padding-left:var(--wp--preset--spacing--70);box-shadow:none;font-style:normal;font-weight:400\">Ver cat\u00e1logos<\/a><\/div>\n\n\n\n<div class=\"wp-block-button hostinger-ai-cta-button hostinger-index-0 is-style-fill\"><a class=\"wp-block-button__link has-dark-color has-text-color has-link-color has-border-color has-color-2-border-color has-medium-font-size has-custom-font-size wp-element-button\" href=\"https:\/\/nexestil.com\/es\/contacte\/\" style=\"border-width:1px;border-radius:50px;padding-top:var(--wp--preset--spacing--30);padding-right:var(--wp--preset--spacing--70);padding-bottom:var(--wp--preset--spacing--30);padding-left:var(--wp--preset--spacing--70);box-shadow:none;font-style:normal;font-weight:400\">Contacto<\/a><\/div>\n<\/div>\n<\/div>\n\n\n\n<div class=\"wp-block-group hostinger-ai-fade-up has-global-padding is-layout-constrained wp-block-group-is-layout-constrained\" data-aos=\"fade-up\">\n<figure class=\"wp-block-image size-full has-custom-border hostinger-ai-image\"><img loading=\"lazy\" decoding=\"async\" width=\"687\" height=\"861\" src=\"https:\/\/nexestil.com\/wp-content\/uploads\/2025\/11\/Captura-de-pantalla-2025-11-26-173348-1.jpg\" alt=\"\" class=\"wp-image-96\" style=\"border-radius:20px\" srcset=\"https:\/\/nexestil.com\/wp-content\/uploads\/2025\/11\/Captura-de-pantalla-2025-11-26-173348-1.jpg 687w, https:\/\/nexestil.com\/wp-content\/uploads\/2025\/11\/Captura-de-pantalla-2025-11-26-173348-1-239x300.jpg 239w\" sizes=\"auto, (max-width: 687px) 100vw, 687px\" \/><\/figure>\n<\/div>\n<\/div>\n<\/div>\n\n\n\n<div class=\"wp-block-group alignfull hostinger-ai-about-us-3 hostinger-ai-fade-up has-global-padding is-layout-constrained wp-block-group-is-layout-constrained\" data-aos=\"fade-up\">\n<div class=\"wp-block-group alignwide hostinger-ai-fade-up is-layout-grid wp-container-core-group-is-layout-422a8eaf wp-block-group-is-layout-grid\" data-aos=\"fade-up\" style=\"padding-top:var(--wp--preset--spacing--60);padding-right:0;padding-bottom:var(--wp--preset--spacing--60);padding-left:0\">\n<div class=\"wp-block-group hostinger-ai-fade-up wp-container-content-5e2576f9 is-vertical is-content-justification-left is-nowrap is-layout-flex wp-container-core-group-is-layout-f26a4d82 wp-block-group-is-layout-flex\" data-aos=\"fade-up\" style=\"padding-right:var(--wp--preset--spacing--60);padding-left:0\">\n<h2 class=\"wp-block-heading hostinger-ai-title has-dark-color has-text-color has-link-color has-x-large-font-size wp-elements-bf9275ecd0a0b26574df49a0205376a2\" style=\"margin-top:0;margin-right:0;margin-bottom:0;margin-left:0;padding-bottom:var(--wp--preset--spacing--20)\">Sobre Nexestil<\/h2>\n\n\n\n<p class=\"hostinger-ai-description has-dark-color has-text-color has-link-color has-medium-font-size wp-elements-3cb33c5c253ea7a5e7b4ac35451d2214\" style=\"margin-top:0;margin-bottom:var(--wp--preset--spacing--50)\">Somos distribuidores de productos profesionales de peluquer\u00eda, barber\u00eda y est\u00e9tica. Trabajamos con marcas de confianza y realizamos visitas personalmente de forma regular para ofrecer un servicio cercano y profesional. Nuestra misi\u00f3n es facilitar el d\u00eda a d\u00eda con productos fiables y un servicio personalizado.<\/p>\n<\/div>\n\n\n\n<div class=\"wp-block-group hostinger-ai-fade-up is-layout-grid wp-container-core-group-is-layout-478b6e6b wp-block-group-is-layout-grid\" data-aos=\"fade-up\">\n<figure class=\"wp-block-image size-full has-custom-border hostinger-ai-image hostinger-index-4 wp-container-content-69bc4bdf\"><img loading=\"lazy\" decoding=\"async\" width=\"682\" height=\"852\" src=\"https:\/\/nexestil.com\/wp-content\/uploads\/2025\/12\/Captura-de-pantalla-2025-12-04-125941.jpg\" alt=\"\" class=\"wp-image-166\" style=\"border-radius:20px\" srcset=\"https:\/\/nexestil.com\/wp-content\/uploads\/2025\/12\/Captura-de-pantalla-2025-12-04-125941.jpg 682w, https:\/\/nexestil.com\/wp-content\/uploads\/2025\/12\/Captura-de-pantalla-2025-12-04-125941-240x300.jpg 240w\" sizes=\"auto, (max-width: 682px) 100vw, 682px\" \/><\/figure>\n\n\n\n<figure class=\"wp-block-image size-full has-custom-border hostinger-ai-image hostinger-index-5\"><img loading=\"lazy\" decoding=\"async\" width=\"632\" height=\"852\" src=\"https:\/\/nexestil.com\/wp-content\/uploads\/2025\/12\/Captura-de-pantalla-2025-12-04-124104.jpg\" alt=\"\" class=\"wp-image-148\" style=\"border-radius:20px\" srcset=\"https:\/\/nexestil.com\/wp-content\/uploads\/2025\/12\/Captura-de-pantalla-2025-12-04-124104.jpg 632w, https:\/\/nexestil.com\/wp-content\/uploads\/2025\/12\/Captura-de-pantalla-2025-12-04-124104-223x300.jpg 223w\" sizes=\"auto, (max-width: 632px) 100vw, 632px\" \/><\/figure>\n<\/div>\n<\/div>\n<\/div>\n\n\n\n<div class=\"wp-block-group alignfull hostinger-ai-about-us-3 hostinger-ai-fade-up has-global-padding is-layout-constrained wp-block-group-is-layout-constrained\" data-aos=\"fade-up\">\n<div class=\"wp-block-columns alignwide is-layout-flex wp-container-core-columns-is-layout-28f84493 wp-block-columns-is-layout-flex\">\n<div class=\"wp-block-column is-layout-flow wp-block-column-is-layout-flow\" style=\"flex-basis:60%\">\n<figure class=\"wp-block-image size-full has-custom-border hostinger-ai-service-image hostinger-index-3\"><img loading=\"lazy\" decoding=\"async\" width=\"797\" height=\"593\" src=\"https:\/\/nexestil.com\/wp-content\/uploads\/2025\/12\/Captura-de-pantalla-2025-12-04-122432.jpg\" alt=\"\" class=\"wp-image-130\" style=\"border-radius:20px\" srcset=\"https:\/\/nexestil.com\/wp-content\/uploads\/2025\/12\/Captura-de-pantalla-2025-12-04-122432.jpg 797w, https:\/\/nexestil.com\/wp-content\/uploads\/2025\/12\/Captura-de-pantalla-2025-12-04-122432-300x223.jpg 300w, https:\/\/nexestil.com\/wp-content\/uploads\/2025\/12\/Captura-de-pantalla-2025-12-04-122432-768x571.jpg 768w\" sizes=\"auto, (max-width: 797px) 100vw, 797px\" \/><\/figure>\n<\/div>\n\n\n\n<div class=\"wp-block-column is-vertically-aligned-center is-layout-flow wp-block-column-is-layout-flow\" style=\"flex-basis:40%\">\n<div class=\"wp-block-group hostinger-ai-fade-up wp-container-content-69bc4bdf is-vertical is-content-justification-left is-nowrap is-layout-flex wp-container-core-group-is-layout-95b68133 wp-block-group-is-layout-flex\" data-aos=\"fade-up\" style=\"padding-right:var(--wp--preset--spacing--20);padding-left:var(--wp--preset--spacing--20)\">\n<h2 class=\"wp-block-heading hostinger-ai-service-title has-dark-color has-text-color has-link-color has-x-large-font-size wp-elements-15a4e33911c0d4e3b9eec64cd54aa762\" style=\"margin-top:0;margin-right:0;margin-bottom:0;margin-left:0;padding-bottom:var(--wp--preset--spacing--20)\">Que ofrecemos<\/h2>\n\n\n\n<ul class=\"wp-block-list\">\n<li>Servicio cercano y constante<\/li>\n\n\n\n<li>Visitas regulares a los centros<\/li>\n\n\n\n<li>Precios profesionales y transparentes<\/li>\n\n\n\n<li>Productos seleccionados por calidad<\/li>\n\n\n\n<li>Pedidos y entregas r\u00e1pidas<\/li>\n<\/ul>\n<\/div>\n<\/div>\n<\/div>\n<\/div>\n\n\n\n<div class=\"wp-block-group alignfull hostinger-ai-solid-block hostinger-ai-fade-up has-color-1-background-color has-background has-global-padding is-layout-constrained wp-block-group-is-layout-constrained\" data-aos=\"fade-up\" style=\"padding-top:var(--wp--preset--spacing--60);padding-bottom:var(--wp--preset--spacing--60)\">\n<div class=\"wp-block-group alignwide hostinger-ai-fade-up is-vertical is-content-justification-center is-nowrap is-layout-flex wp-container-core-group-is-layout-4cc6ee0a wp-block-group-is-layout-flex\" data-aos=\"fade-up\" style=\"min-height:0px;padding-top:0;padding-bottom:0\">\n<div class=\"wp-block-group hostinger-ai-fade-up wp-container-content-69bc4bdf has-global-padding is-content-justification-center is-layout-constrained wp-container-core-group-is-layout-78267832 wp-block-group-is-layout-constrained\" data-aos=\"fade-up\">\n<h2 class=\"wp-block-heading has-text-align-center hostinger-ai-title has-dark-color has-text-color has-link-color has-x-large-font-size wp-elements-daa676344f0c9b7d9f60909ffea467e4\" style=\"margin-top:0;margin-right:0;margin-bottom:0;margin-left:0\">Contacto<\/h2>\n\n\n\n<p class=\"has-text-align-center hostinger-ai-description has-dark-color has-text-color has-link-color has-medium-font-size wp-elements-2791f5b83a1198fecf4f553e875fb286\" style=\"margin-top:var(--wp--preset--spacing--20);margin-bottom:var(--wp--preset--spacing--50)\">\u00bfQuieres hacer un pedido, recibir informaci\u00f3n o tienes alguna consulta?<\/p>\n\n\n\n<div class=\"wp-block-buttons is-content-justification-center is-layout-flex wp-container-core-buttons-is-layout-a89b3969 wp-block-buttons-is-layout-flex\">\n<div class=\"wp-block-button hostinger-ai-cta-button\"><a class=\"wp-block-button__link has-dark-color has-contrast-background-color has-text-color has-background has-link-color has-border-color has-medium-font-size has-custom-font-size wp-element-button\" href=\"https:\/\/nexestil.com\/es\/about\/\" style=\"border-color:#0d141a;border-width:1px;border-radius:50px;padding-top:var(--wp--preset--spacing--30);padding-right:var(--wp--preset--spacing--70);padding-bottom:var(--wp--preset--spacing--30);padding-left:var(--wp--preset--spacing--70);box-shadow:none\">Contactar<\/a><\/div>\n<\/div>\n\n\n\n<div class=\"wp-block-buttons is-content-justification-center is-layout-flex wp-container-core-buttons-is-layout-a89b3969 wp-block-buttons-is-layout-flex\">\n<div class=\"wp-block-button hostinger-ai-cta-button\"><a class=\"wp-block-button__link has-dark-color has-contrast-background-color has-text-color has-background has-link-color has-border-color has-medium-font-size has-custom-font-size wp-element-button\" href=\"https:\/\/nexestil.com\/es\/catalegs\/\" style=\"border-color:#0d141a;border-width:1px;border-radius:50px;padding-top:var(--wp--preset--spacing--30);padding-right:var(--wp--preset--spacing--70);padding-bottom:var(--wp--preset--spacing--30);padding-left:var(--wp--preset--spacing--70);box-shadow:none\">Cat\u00e1logos<\/a><\/div>\n<\/div>\n<\/div>\n<\/div>\n<\/div>\n\n\n\n<p><\/p>","protected":false},"excerpt":{"rendered":"<p>NEXESTIL Distribuci\u00f3 professional en perruqueria, barberia i est\u00e8tica Sobre Nexestil Som distribu\u00efdors de productes professionals de perruqueria, barberia i est\u00e8tica. Treballem amb marques de confian\u00e7a i fem visites personalment de forma regular per oferir un servei proper i professional. La nostre missi\u00f3 \u00e9s facilitar-te el dia a dia amb productes fiables i un servei personalitzat. [&hellip;]<\/p>","protected":false},"author":1,"featured_media":0,"parent":0,"menu_order":0,"comment_status":"closed","ping_status":"closed","template":"","meta":{"footnotes":""},"class_list":["post-33","page","type-page","status-publish","hentry"],"_hostinger_reach_plugin_has_subscription_block":false,"_hostinger_reach_plugin_is_elementor":false,"_links":{"self":[{"href":"https:\/\/nexestil.com\/es\/wp-json\/wp\/v2\/pages\/33","targetHints":{"allow":["GET"]}}],"collection":[{"href":"https:\/\/nexestil.com\/es\/wp-json\/wp\/v2\/pages"}],"about":[{"href":"https:\/\/nexestil.com\/es\/wp-json\/wp\/v2\/types\/page"}],"author":[{"embeddable":true,"href":"https:\/\/nexestil.com\/es\/wp-json\/wp\/v2\/users\/1"}],"replies":[{"embeddable":true,"href":"https:\/\/nexestil.com\/es\/wp-json\/wp\/v2\/comments?post=33"}],"version-history":[{"count":10,"href":"https:\/\/nexestil.com\/es\/wp-json\/wp\/v2\/pages\/33\/revisions"}],"predecessor-version":[{"id":187,"href":"https:\/\/nexestil.com\/es\/wp-json\/wp\/v2\/pages\/33\/revisions\/187"}],"wp:attachment":[{"href":"https:\/\/nexestil.com\/es\/wp-json\/wp\/v2\/media?parent=33"}],"curies":[{"name":"wp","href":"https:\/\/api.w.org\/{rel}","templated":true}]}}